{"id":18116,"date":"2024-04-11T20:55:08","date_gmt":"2024-04-11T19:55:08","guid":{"rendered":"https:\/\/www.changodiving.com\/entrainements-apnee-nice-villefranche-sur-mer\/"},"modified":"2024-04-11T21:13:06","modified_gmt":"2024-04-11T20:13:06","slug":"freediving-training-nice-villefranche-sur-mer","status":"publish","type":"page","link":"https:\/\/www.changodiving.com\/en\/freediving-training-nice-villefranche-sur-mer\/","title":{"rendered":"Apnea training Nice"},"content":{"rendered":"\t\t<div data-elementor-type=\"wp-page\" data-elementor-id=\"18116\" class=\"elementor elementor-18116 elementor-158\" data-elementor-post-type=\"page\">\n\t\t\t\t\t\t<section class=\"elementor-section elementor-top-section elementor-element elementor-element-1be3883f elementor-section-full_width elementor-section-height-default elementor-section-height-default\" data-id=\"1be3883f\" data-element_type=\"section\">\n\t\t\t\t\t\t<div class=\"elementor-container elementor-column-gap-default\">\n\t\t\t\t\t<div class=\"elementor-column elementor-col-100 elementor-top-column elementor-element elementor-element-6b0f59a4\" data-id=\"6b0f59a4\" data-element_type=\"column\">\n\t\t\t<div class=\"elementor-widget-wrap\">\n\t\t\t\t\t\t\t<\/div>\n\t\t<\/div>\n\t\t\t\t\t<\/div>\n\t\t<\/section>\n\t\t\t\t<section class=\"elementor-section elementor-top-section elementor-element elementor-element-420c074 elementor-section-boxed elementor-section-height-default elementor-section-height-default\" data-id=\"420c074\" data-element_type=\"section\">\n\t\t\t\t\t\t<div class=\"elementor-container elementor-column-gap-default\">\n\t\t\t\t\t<div class=\"elementor-column elementor-col-100 elementor-top-column elementor-element elementor-element-2ee68bf\" data-id=\"2ee68bf\" data-element_type=\"column\">\n\t\t\t<div class=\"elementor-widget-wrap\">\n\t\t\t\t\t\t\t<\/div>\n\t\t<\/div>\n\t\t\t\t\t<\/div>\n\t\t<\/section>\n\t\t\t\t<section class=\"elementor-section elementor-top-section elementor-element elementor-element-6adf4b3 elementor-section-full_width elementor-section-height-full elementor-section-height-default elementor-section-items-middle\" data-id=\"6adf4b3\" data-element_type=\"section\" data-settings=\"{&quot;background_background&quot;:&quot;classic&quot;}\">\n\t\t\t\t\t\t<div class=\"elementor-container elementor-column-gap-no\">\n\t\t\t\t\t<div class=\"elementor-column elementor-col-50 elementor-top-column elementor-element elementor-element-2f05239\" data-id=\"2f05239\" data-element_type=\"column\">\n\t\t\t<div class=\"elementor-widget-wrap elementor-element-populated\">\n\t\t\t\t\t\t<section class=\"elementor-section elementor-inner-section elementor-element elementor-element-cfe8890 elementor-section-boxed elementor-section-height-default elementor-section-height-default\" data-id=\"cfe8890\" data-element_type=\"section\">\n\t\t\t\t\t\t<div class=\"elementor-container elementor-column-gap-default\">\n\t\t\t\t\t<div class=\"elementor-column elementor-col-100 elementor-inner-column elementor-element elementor-element-abd32c7\" data-id=\"abd32c7\" data-element_type=\"column\">\n\t\t\t<div class=\"elementor-widget-wrap elementor-element-populated\">\n\t\t\t\t\t\t<div class=\"elementor-element elementor-element-4158374 elementor-widget elementor-widget-breadcrumbs\" data-id=\"4158374\" data-element_type=\"widget\" data-widget_type=\"breadcrumbs.default\">\n\t\t\t\t<div class=\"elementor-widget-container\">\n\t\t\t\t\t<p id=\"breadcrumbs\"><span><span><a href=\"https:\/\/www.changodiving.com\/en\/freediving-diving-snorkeling-in-nice\/\">Accueil<\/a><\/span><\/span><\/p>\t\t\t\t<\/div>\n\t\t\t\t<\/div>\n\t\t\t\t\t<\/div>\n\t\t<\/div>\n\t\t\t\t\t<\/div>\n\t\t<\/section>\n\t\t\t\t<div class=\"elementor-element elementor-element-565a8890 elementor-widget elementor-widget-heading\" data-id=\"565a8890\" data-element_type=\"widget\" data-widget_type=\"heading.default\">\n\t\t\t\t<div class=\"elementor-widget-container\">\n\t\t\t\t\t<h1 class=\"elementor-heading-title elementor-size-default\">Entra\u00eenements d'apn\u00e9e \u00e0 Nice<\/h1>\t\t\t\t<\/div>\n\t\t\t\t<\/div>\n\t\t\t\t\t<\/div>\n\t\t<\/div>\n\t\t\t\t<div class=\"elementor-column elementor-col-50 elementor-top-column elementor-element elementor-element-26fbdef\" data-id=\"26fbdef\" data-element_type=\"column\">\n\t\t\t<div class=\"elementor-widget-wrap elementor-element-populated\">\n\t\t\t\t\t\t<div class=\"elementor-element elementor-element-bf17ec4 elementor-widget elementor-widget-shortcode\" data-id=\"bf17ec4\" data-element_type=\"widget\" data-widget_type=\"shortcode.default\">\n\t\t\t\t<div class=\"elementor-widget-container\">\n\t\t\t\t\t\t\t<div class=\"elementor-shortcode\"><center> <guidap-booking-widget activity-uuid=\"RnASYVUauXQoLb685BhGClFkyDP7pqxMOmwf\"><\/guidap-booking-widget> <\/div>\n\t\t\t\t\t\t<\/div>\n\t\t\t\t<\/div>\n\t\t\t\t\t<\/div>\n\t\t<\/div>\n\t\t\t\t\t<\/div>\n\t\t<\/section>\n\t\t\t\t<section class=\"elementor-section elementor-top-section elementor-element elementor-element-1dec20b8 elementor-section-full_width elementor-section-content-middle elementor-section-height-default elementor-section-height-default\" data-id=\"1dec20b8\" data-element_type=\"section\" data-settings=\"{&quot;background_background&quot;:&quot;classic&quot;}\">\n\t\t\t\t\t\t<div class=\"elementor-container elementor-column-gap-no\">\n\t\t\t\t\t<div class=\"elementor-column elementor-col-100 elementor-top-column elementor-element elementor-element-7ff96320\" data-id=\"7ff96320\" data-element_type=\"column\">\n\t\t\t<div class=\"elementor-widget-wrap elementor-element-populated\">\n\t\t\t\t\t\t<div class=\"elementor-element elementor-element-300eacd0 elementor-widget__width-auto elementor-widget elementor-widget-heading\" data-id=\"300eacd0\" data-element_type=\"widget\" data-widget_type=\"heading.default\">\n\t\t\t\t<div class=\"elementor-widget-container\">\n\t\t\t\t\t<p class=\"elementor-heading-title elementor-size-default\">\u00a9 2021 All Rights Reserved.<\/p>\t\t\t\t<\/div>\n\t\t\t\t<\/div>\n\t\t\t\t<div class=\"elementor-element elementor-element-1ad43c91 e-grid-align-left elementor-widget__width-auto elementor-shape-rounded elementor-grid-0 elementor-widget elementor-widget-social-icons\" data-id=\"1ad43c91\" data-element_type=\"widget\" data-widget_type=\"social-icons.default\">\n\t\t\t\t<div class=\"elementor-widget-container\">\n\t\t\t\t\t\t\t<div class=\"elementor-social-icons-wrapper elementor-grid\" role=\"list\">\n\t\t\t\t\t\t\t<span class=\"elementor-grid-item\" role=\"listitem\">\n\t\t\t\t\t<a class=\"elementor-icon elementor-social-icon elementor-social-icon-facebook-f elementor-animation-float elementor-repeater-item-7d876ef\" target=\"_blank\">\n\t\t\t\t\t\t<span class=\"elementor-screen-only\">Facebook-f<\/span>\n\t\t\t\t\t\t<i aria-hidden=\"true\" class=\"fab fa-facebook-f\"><\/i>\t\t\t\t\t<\/a>\n\t\t\t\t<\/span>\n\t\t\t\t\t\t\t<span class=\"elementor-grid-item\" role=\"listitem\">\n\t\t\t\t\t<a class=\"elementor-icon elementor-social-icon elementor-social-icon- elementor-animation-float elementor-repeater-item-37a6fde\" target=\"_blank\">\n\t\t\t\t\t\t<span class=\"elementor-screen-only\"><\/span>\n\t\t\t\t\t\t\t\t\t\t\t<\/a>\n\t\t\t\t<\/span>\n\t\t\t\t\t\t\t<span class=\"elementor-grid-item\" role=\"listitem\">\n\t\t\t\t\t<a class=\"elementor-icon elementor-social-icon elementor-social-icon-twitter elementor-animation-float elementor-repeater-item-962a6bb\" target=\"_blank\">\n\t\t\t\t\t\t<span class=\"elementor-screen-only\">Twitter<\/span>\n\t\t\t\t\t\t<i aria-hidden=\"true\" class=\"fab fa-twitter\"><\/i>\t\t\t\t\t<\/a>\n\t\t\t\t<\/span>\n\t\t\t\t\t<\/div>\n\t\t\t\t\t\t<\/div>\n\t\t\t\t<\/div>\n\t\t\t\t\t<\/div>\n\t\t<\/div>\n\t\t\t\t\t<\/div>\n\t\t<\/section>\n\t\t\t\t<\/div>\n\t\t","protected":false},"excerpt":{"rendered":"<p>Entra\u00eenements d&#8217;apn\u00e9e \u00e0 Nice \u00a9 2021 All Rights Reserved. Facebook-f Twitter<\/p>\n","protected":false},"author":22,"featured_media":0,"parent":0,"menu_order":0,"comment_status":"open","ping_status":"open","template":"elementor_header_footer","meta":{"footnotes":""},"class_list":["post-18116","page","type-page","status-publish"],"yoast_head":"<!-- This site is optimized with the Yoast SEO plugin v27.5 - https:\/\/yoast.com\/product\/yoast-seo-wordpress\/ -->\n<title>Apnea training Nice - rade de Villefranche- Chango Diving<\/title>\n<meta name=\"description\" content=\"Freediving training for all levels and depths in the Villefranche-sur-Mer harbor, departing from Nice. April to November\" \/>\n<meta name=\"robots\" content=\"index, follow, max-snippet:-1, max-image-preview:large, max-video-preview:-1\" \/>\n<link rel=\"canonical\" href=\"https:\/\/www.changodiving.com\/en\/freediving-training-nice-villefranche-sur-mer\/\" \/>\n<meta property=\"og:locale\" content=\"en_US\" \/>\n<meta property=\"og:type\" content=\"article\" \/>\n<meta property=\"og:title\" content=\"Apnea training Nice - rade de Villefranche- Chango Diving\" \/>\n<meta property=\"og:description\" content=\"Freediving training for all levels and depths in the Villefranche-sur-Mer harbor, departing from Nice. April to November\" \/>\n<meta property=\"og:url\" content=\"https:\/\/www.changodiving.com\/en\/freediving-training-nice-villefranche-sur-mer\/\" \/>\n<meta property=\"og:site_name\" content=\"Chango Diving\" \/>\n<meta property=\"article:publisher\" content=\"https:\/\/www.facebook.com\/changodiving\/\" \/>\n<meta property=\"article:modified_time\" content=\"2024-04-11T20:13:06+00:00\" \/>\n<meta name=\"twitter:card\" content=\"summary_large_image\" \/>\n<meta name=\"twitter:site\" content=\"@chango_diving\" \/>\n<script type=\"application\/ld+json\" class=\"yoast-schema-graph\">{\"@context\":\"https:\\\/\\\/schema.org\",\"@graph\":[{\"@type\":\"WebPage\",\"@id\":\"https:\\\/\\\/www.changodiving.com\\\/en\\\/freediving-training-nice-villefranche-sur-mer\\\/\",\"url\":\"https:\\\/\\\/www.changodiving.com\\\/en\\\/freediving-training-nice-villefranche-sur-mer\\\/\",\"name\":\"Apnea training Nice - rade de Villefranche- Chango Diving\",\"isPartOf\":{\"@id\":\"https:\\\/\\\/www.changodiving.com\\\/#website\"},\"datePublished\":\"2024-04-11T19:55:08+00:00\",\"dateModified\":\"2024-04-11T20:13:06+00:00\",\"description\":\"Freediving training for all levels and depths in the Villefranche-sur-Mer harbor, departing from Nice. April to November\",\"breadcrumb\":{\"@id\":\"https:\\\/\\\/www.changodiving.com\\\/en\\\/freediving-training-nice-villefranche-sur-mer\\\/#breadcrumb\"},\"inLanguage\":\"en-US\",\"potentialAction\":[{\"@type\":\"ReadAction\",\"target\":[\"https:\\\/\\\/www.changodiving.com\\\/en\\\/freediving-training-nice-villefranche-sur-mer\\\/\"]}]},{\"@type\":\"BreadcrumbList\",\"@id\":\"https:\\\/\\\/www.changodiving.com\\\/en\\\/freediving-training-nice-villefranche-sur-mer\\\/#breadcrumb\",\"itemListElement\":[{\"@type\":\"ListItem\",\"position\":1,\"name\":\"Accueil\",\"item\":\"https:\\\/\\\/www.changodiving.com\\\/en\\\/freediving-diving-snorkeling-in-nice\\\/\"},{\"@type\":\"ListItem\",\"position\":2,\"name\":\"Apnea training Nice\"}]},{\"@type\":\"WebSite\",\"@id\":\"https:\\\/\\\/www.changodiving.com\\\/#website\",\"url\":\"https:\\\/\\\/www.changodiving.com\\\/\",\"name\":\"Chango Diving\",\"description\":\"Chango Diving Nice\",\"publisher\":{\"@id\":\"https:\\\/\\\/www.changodiving.com\\\/#organization\"},\"potentialAction\":[{\"@type\":\"SearchAction\",\"target\":{\"@type\":\"EntryPoint\",\"urlTemplate\":\"https:\\\/\\\/www.changodiving.com\\\/?s={search_term_string}\"},\"query-input\":{\"@type\":\"PropertyValueSpecification\",\"valueRequired\":true,\"valueName\":\"search_term_string\"}}],\"inLanguage\":\"en-US\"},{\"@type\":\"Organization\",\"@id\":\"https:\\\/\\\/www.changodiving.com\\\/#organization\",\"name\":\"Chango Diving\",\"url\":\"https:\\\/\\\/www.changodiving.com\\\/\",\"logo\":{\"@type\":\"ImageObject\",\"inLanguage\":\"en-US\",\"@id\":\"https:\\\/\\\/www.changodiving.com\\\/#\\\/schema\\\/logo\\\/image\\\/\",\"url\":\"https:\\\/\\\/www.changodiving.com\\\/wp-content\\\/uploads\\\/2020\\\/11\\\/Chango_long_en-tete-usd.png\",\"contentUrl\":\"https:\\\/\\\/www.changodiving.com\\\/wp-content\\\/uploads\\\/2020\\\/11\\\/Chango_long_en-tete-usd.png\",\"width\":340,\"height\":57,\"caption\":\"Chango Diving\"},\"image\":{\"@id\":\"https:\\\/\\\/www.changodiving.com\\\/#\\\/schema\\\/logo\\\/image\\\/\"},\"sameAs\":[\"https:\\\/\\\/www.facebook.com\\\/changodiving\\\/\",\"https:\\\/\\\/x.com\\\/chango_diving\",\"https:\\\/\\\/www.instagram.com\\\/changodiving\\\/\",\"https:\\\/\\\/www.linkedin.com\\\/company\\\/chango-diving\",\"https:\\\/\\\/www.youtube.com\\\/channel\\\/UCj1k71gJWwQVLQiyPj1TC1g\"]}]}<\/script>\n<!-- \/ Yoast SEO plugin. -->","yoast_head_json":{"title":"Apnea training Nice - rade de Villefranche- Chango Diving","description":"Freediving training for all levels and depths in the Villefranche-sur-Mer harbor, departing from Nice. April to November","robots":{"index":"index","follow":"follow","max-snippet":"max-snippet:-1","max-image-preview":"max-image-preview:large","max-video-preview":"max-video-preview:-1"},"canonical":"https:\/\/www.changodiving.com\/en\/freediving-training-nice-villefranche-sur-mer\/","og_locale":"en_US","og_type":"article","og_title":"Apnea training Nice - rade de Villefranche- Chango Diving","og_description":"Freediving training for all levels and depths in the Villefranche-sur-Mer harbor, departing from Nice. April to November","og_url":"https:\/\/www.changodiving.com\/en\/freediving-training-nice-villefranche-sur-mer\/","og_site_name":"Chango Diving","article_publisher":"https:\/\/www.facebook.com\/changodiving\/","article_modified_time":"2024-04-11T20:13:06+00:00","twitter_card":"summary_large_image","twitter_site":"@chango_diving","schema":{"@context":"https:\/\/schema.org","@graph":[{"@type":"WebPage","@id":"https:\/\/www.changodiving.com\/en\/freediving-training-nice-villefranche-sur-mer\/","url":"https:\/\/www.changodiving.com\/en\/freediving-training-nice-villefranche-sur-mer\/","name":"Apnea training Nice - rade de Villefranche- Chango Diving","isPartOf":{"@id":"https:\/\/www.changodiving.com\/#website"},"datePublished":"2024-04-11T19:55:08+00:00","dateModified":"2024-04-11T20:13:06+00:00","description":"Freediving training for all levels and depths in the Villefranche-sur-Mer harbor, departing from Nice. April to November","breadcrumb":{"@id":"https:\/\/www.changodiving.com\/en\/freediving-training-nice-villefranche-sur-mer\/#breadcrumb"},"inLanguage":"en-US","potentialAction":[{"@type":"ReadAction","target":["https:\/\/www.changodiving.com\/en\/freediving-training-nice-villefranche-sur-mer\/"]}]},{"@type":"BreadcrumbList","@id":"https:\/\/www.changodiving.com\/en\/freediving-training-nice-villefranche-sur-mer\/#breadcrumb","itemListElement":[{"@type":"ListItem","position":1,"name":"Accueil","item":"https:\/\/www.changodiving.com\/en\/freediving-diving-snorkeling-in-nice\/"},{"@type":"ListItem","position":2,"name":"Apnea training Nice"}]},{"@type":"WebSite","@id":"https:\/\/www.changodiving.com\/#website","url":"https:\/\/www.changodiving.com\/","name":"Chango Diving","description":"Chango Diving Nice","publisher":{"@id":"https:\/\/www.changodiving.com\/#organization"},"potentialAction":[{"@type":"SearchAction","target":{"@type":"EntryPoint","urlTemplate":"https:\/\/www.changodiving.com\/?s={search_term_string}"},"query-input":{"@type":"PropertyValueSpecification","valueRequired":true,"valueName":"search_term_string"}}],"inLanguage":"en-US"},{"@type":"Organization","@id":"https:\/\/www.changodiving.com\/#organization","name":"Chango Diving","url":"https:\/\/www.changodiving.com\/","logo":{"@type":"ImageObject","inLanguage":"en-US","@id":"https:\/\/www.changodiving.com\/#\/schema\/logo\/image\/","url":"https:\/\/www.changodiving.com\/wp-content\/uploads\/2020\/11\/Chango_long_en-tete-usd.png","contentUrl":"https:\/\/www.changodiving.com\/wp-content\/uploads\/2020\/11\/Chango_long_en-tete-usd.png","width":340,"height":57,"caption":"Chango Diving"},"image":{"@id":"https:\/\/www.changodiving.com\/#\/schema\/logo\/image\/"},"sameAs":["https:\/\/www.facebook.com\/changodiving\/","https:\/\/x.com\/chango_diving","https:\/\/www.instagram.com\/changodiving\/","https:\/\/www.linkedin.com\/company\/chango-diving","https:\/\/www.youtube.com\/channel\/UCj1k71gJWwQVLQiyPj1TC1g"]}]}},"_links":{"self":[{"href":"https:\/\/www.changodiving.com\/en\/wp-json\/wp\/v2\/pages\/18116","targetHints":{"allow":["GET"]}}],"collection":[{"href":"https:\/\/www.changodiving.com\/en\/wp-json\/wp\/v2\/pages"}],"about":[{"href":"https:\/\/www.changodiving.com\/en\/wp-json\/wp\/v2\/types\/page"}],"author":[{"embeddable":true,"href":"https:\/\/www.changodiving.com\/en\/wp-json\/wp\/v2\/users\/22"}],"replies":[{"embeddable":true,"href":"https:\/\/www.changodiving.com\/en\/wp-json\/wp\/v2\/comments?post=18116"}],"version-history":[{"count":11,"href":"https:\/\/www.changodiving.com\/en\/wp-json\/wp\/v2\/pages\/18116\/revisions"}],"predecessor-version":[{"id":18155,"href":"https:\/\/www.changodiving.com\/en\/wp-json\/wp\/v2\/pages\/18116\/revisions\/18155"}],"wp:attachment":[{"href":"https:\/\/www.changodiving.com\/en\/wp-json\/wp\/v2\/media?parent=18116"}],"curies":[{"name":"wp","href":"https:\/\/api.w.org\/{rel}","templated":true}]}}